{"id":10,"date":"2025-06-11T12:47:47","date_gmt":"2025-06-11T12:47:47","guid":{"rendered":"https:\/\/jetgourmets.com\/home\/"},"modified":"2025-07-09T11:12:20","modified_gmt":"2025-07-09T11:12:20","slug":"home","status":"publish","type":"page","link":"https:\/\/jetgourmets.com\/en\/","title":{"rendered":"We awaken your senses"},"content":{"rendered":"<div class=\"wp-block-uagb-container uagb-block-5eb30625 alignfull uagb-is-root-container\"><div class=\"uagb-container-inner-blocks-wrap\">\n<div class=\"wp-block-uagb-info-box uagb-block-86bfadea uagb-infobox__content-wrap  uagb-infobox-icon-above-title uagb-infobox-image-valign-top\"><div class=\"uagb-ifb-content\"><div class=\"uagb-ifb-title-wrap\"><h1 class=\"uagb-ifb-title\">Catering for private Jets<\/h1><\/div><\/div><\/div>\n<\/div><\/div>\n\n\n\n<div class=\"wp-block-uagb-container uagb-block-57cd27c1 alignfull uagb-is-root-container\"><div class=\"uagb-container-inner-blocks-wrap\">\n<div class=\"wp-block-uagb-container uagb-block-2aab1f33\">\n<div class=\"wp-block-uagb-advanced-heading uagb-block-f7e22cb1\"><h2 class=\"uagb-heading-text\">Welcome to JetGourmets<\/h2><\/div>\n\n\n\n<div class=\"wp-block-uagb-image alignleft uagb-block-83ed3273 wp-block-uagb-image--layout-default wp-block-uagb-image--effect-static wp-block-uagb-image--align-left\"><figure class=\"wp-block-uagb-image__figure\"><img decoding=\"async\" srcset=\"https:\/\/jetgourmets.com\/wp-content\/uploads\/2025\/06\/ChatGPT-Image-17-jun-2025-23_04_40.png 1024w, https:\/\/jetgourmets.com\/wp-content\/uploads\/2025\/06\/ChatGPT-Image-17-jun-2025-23_04_40-300x300.png 300w, https:\/\/jetgourmets.com\/wp-content\/uploads\/2025\/06\/ChatGPT-Image-17-jun-2025-23_04_40-150x150.png 150w, https:\/\/jetgourmets.com\/wp-content\/uploads\/2025\/06\/ChatGPT-Image-17-jun-2025-23_04_40-768x768.png 768w\" sizes=\"auto, (max-width: 480px) 150px\" src=\"https:\/\/jetgourmets.com\/wp-content\/uploads\/2025\/06\/ChatGPT-Image-17-jun-2025-23_04_40.png\" alt=\"\" class=\"uag-image-1236\" width=\"450\" height=\"599\" title=\"\" loading=\"lazy\" role=\"presentation\"\/><\/figure><\/div>\n<\/div>\n\n\n\n<div class=\"wp-block-uagb-container uagb-block-59059631\">\n<div class=\"wp-block-uagb-info-box uagb-block-3b53ecfe uagb-infobox__content-wrap  uagb-infobox-icon-above-title uagb-infobox-image-valign-top wp-block-uagb-info-box--has-margin\"><div class=\"uagb-infobox-margin-wrapper\"><div class=\"uagb-ifb-content\"><div class=\"uagb-ifb-title-wrap\"><h3 class=\"uagb-ifb-title\">Exquisite Taste in Every Dish<\/h3><\/div><p class=\"uagb-ifb-desc\"><br>Enjoy a world-class dining experience at 40,000 feet, where every detail is designed to elevate your journey. From gourmet meals to healthy options and custom dietary accommodations, discover the finest in-flight cuisine crafted for VIP travelers.<\/p><div class=\"uagb-ifb-button-wrapper wp-block-button\"><a href=\"https:\/\/jetgourmets.com\/en\/carta\/\" class=\"uagb-infobox-cta-link ast-outline-button\" target=\"_self\" rel=\"noopener noreferrer\" style=\"border-width:revert-layer\" onclick=\"return true;\"><span class=\"uagb-inline-editing\">PLACE YOUR ORDER<\/span><\/a><\/div><\/div><\/div><\/div>\n<\/div>\n<\/div><\/div>\n\n\n\n<div class=\"wp-block-uagb-container uagb-block-cc32c81b alignfull uagb-is-root-container\"><div class=\"uagb-container-inner-blocks-wrap\">\n<div class=\"wp-block-uagb-container uagb-block-6b696029\">\n<div class=\"wp-block-uagb-advanced-heading uagb-block-c798da49\"><h2 class=\"uagb-heading-text\">Our Recommended Selections<\/h2><\/div>\n\n\n\n<div class=\"wp-block-uagb-image uagb-block-f0b5150b wp-block-uagb-image--layout-default wp-block-uagb-image--effect-static wp-block-uagb-image--align-none\"><figure class=\"wp-block-uagb-image__figure\"><img decoding=\"async\" sizes=\"auto, (max-width: 480px) 150px\" src=\"https:\/\/jetgourmets.com\/wp-content\/uploads\/2021\/05\/food-1.jpg\" alt=\"\" class=\"uag-image-48\" width=\"600\" height=\"403\" title=\"food-1\" loading=\"lazy\" role=\"img\"\/><\/figure><\/div>\n\n\n\n<div class=\"wp-block-uagb-info-box uagb-block-80c55709 uagb-infobox__content-wrap  uagb-infobox-icon-above-title uagb-infobox-image-valign-top wp-block-uagb-info-box--has-margin\"><div class=\"uagb-infobox-margin-wrapper\"><div class=\"uagb-ifb-content\"><div class=\"uagb-ifb-title-wrap\"><h3 class=\"uagb-ifb-title\">Wood Fire Charred Steak with BBQ Sauce<\/h3><\/div><\/div><\/div><\/div>\n\n\n\n<div class=\"wp-block-uagb-info-box uagb-block-c96d6a2b uagb-infobox__content-wrap  uagb-infobox-icon-above-title uagb-infobox-image-valign-top\"><div class=\"uagb-ifb-content\"><div class=\"uagb-ifb-image-content\"><img decoding=\"async\" src=\"https:\/\/jetgourmets.com\/wp-content\/uploads\/2021\/05\/food-3.jpg\" alt=\"\" width=\"600\" height=\"403\" loading=\"lazy\"\/><\/div><div class=\"uagb-ifb-title-wrap\"><h3 class=\"uagb-ifb-title\">Roasted Lamb with Seasoned Potatoes<\/h3><\/div><\/div><\/div>\n<\/div>\n\n\n\n<div class=\"wp-block-uagb-container uagb-block-a3fe18c0\">\n<div class=\"wp-block-uagb-info-box uagb-block-e10aa2c2 uagb-infobox__content-wrap  uagb-infobox-icon-above-title uagb-infobox-image-valign-top wp-block-uagb-info-box--has-margin\"><div class=\"uagb-infobox-margin-wrapper\"><div class=\"uagb-ifb-content\"><div class=\"uagb-ifb-image-content\"><img decoding=\"async\" src=\"https:\/\/jetgourmets.com\/wp-content\/uploads\/2021\/05\/food-2.jpg\" alt=\"\" width=\"500\" height=\"336\" loading=\"lazy\"\/><\/div><div class=\"uagb-ifb-title-wrap\"><h3 class=\"uagb-ifb-title\">Oven-roasted Beef with tossed vegetables<\/h3><\/div><\/div><\/div><\/div>\n\n\n\n<div class=\"wp-block-uagb-info-box uagb-block-4b4fc6e9 uagb-infobox__content-wrap  uagb-infobox-icon-above-title uagb-infobox-image-valign-top wp-block-uagb-info-box--has-margin\"><div class=\"uagb-infobox-margin-wrapper\"><div class=\"uagb-ifb-content\"><div class=\"uagb-ifb-image-content\"><img decoding=\"async\" src=\"https:\/\/jetgourmets.com\/wp-content\/uploads\/2021\/05\/food-4.jpg\" alt=\"\" width=\"600\" height=\"403\" loading=\"lazy\"\/><\/div><div class=\"uagb-ifb-title-wrap\"><h3 class=\"uagb-ifb-title\">BBQ Ribs with Vegies and French Fries<\/h3><\/div><div class=\"uagb-ifb-button-wrapper wp-block-button\"><a href=\"https:\/\/jetgourmets.com\/en\/carta\/\" class=\"uagb-infobox-cta-link wp-block-button__link\" target=\"_self\" rel=\"noopener noreferrer\" onclick=\"return true;\"><span class=\"uagb-inline-editing\">PLACE YOUR ORDER<\/span><\/a><\/div><\/div><\/div><\/div>\n<\/div>\n<\/div><\/div>\n\n\n\n<div class=\"wp-block-uagb-container uagb-block-a092f3b9 alignfull uagb-is-root-container\"><div class=\"uagb-container-inner-blocks-wrap\"><\/div><\/div>\n\n\n\n<div class=\"wp-block-uagb-separator uagb-block-f58c3795\"><div class=\"wp-block-uagb-separator__inner\" style=\"--my-background-image:\"><\/div><\/div>\n\n\n<h2 class=\"has-text-align-center wp-block-post-title\">We awaken your senses<\/h2>\n\n\n<div class=\"wp-block-uagb-container uagb-block-d2a193b5 alignfull uagb-is-root-container\"><div class=\"uagb-container-inner-blocks-wrap\">\n<p>JetGourmets offers luxury catering tailored for private jet passengers, featuring gourmet, healthy, and flavorful dishes. Each meal is crafted with meticulous attention to detail, using fresh ingredients and fine dining techniques to elevate the in-flight experience to restaurant-quality standards.<br>At JetGourmets, we cater to the most discerning tastes. From vegan and gluten-free to low-calorie options, every dish is tailored to meet our clients' specific preferences. Fresh sushi, international cuisine, or specialized dietary menus\u2014anything is possible on board.<br>We specialize in providing highly personalized service, turning our clients\u2019 wishes into reality. By collaborating with renowned restaurants and chefs, we transform every flight into a memorable culinary event. <\/p>\n<\/div><\/div>\n\n\n\n<div class=\"wp-block-uagb-container uag-hide-desktop uag-hide-tab uag-hide-mob uagb-block-0a3d2506 alignfull uagb-is-root-container\"><div class=\"uagb-container-inner-blocks-wrap\">\n<div class=\"wp-block-uagb-container uagb-block-6a67a587\">\n<div class=\"wp-block-uagb-advanced-heading uagb-block-8da1f931\"><h2 class=\"uagb-heading-text\">Que dicen de nostros<\/h2><\/div>\n\n\n\n<div class=\"wp-block-uagb-testimonial uagb-slick-carousel uagb-tm__arrow-outside uagb-block-d3324171 uagb-post__carousel_notset uagb-post__carousel_notset-tablet uagb-post__carousel_notset-mobile\"><div class=\"is-carousel uagb-tm__columns-1 uagb-tm__items\"><div class=\"uagb-testimonial__wrap  uagb-tm__imgicon-style-circle uagb-tm__image-position-bottom uagb-tm__bg-type-none\"><div class=\"uagb-tm__content\"><div class=\"uagb-tm__overlay\"><\/div><div class=\"uagb-tm__text-wrap\"><div class=\"uagb-tm__desc\">Diam, urna, ornare leo facilisis suspendisse eu rutrum id augue cursus tincidunt nisl eget ornare pharetra ac pharetra, pulvinar ipsum sed amet diam morbi amet cursus blandit augue feugiat arcu aliquet egestas id diam.<\/div><div class=\"uagb-tm__meta-inner\"><div class=\"uagb-tm__image-content\"><div class=\"uagb-tm__image\"><img decoding=\"async\" class=\"uagb-tm-img-src\" src=\"https:\/\/jetgourmets.com\/wp-content\/uploads\/2021\/05\/customer-img.jpg\" alt=\"\" width=\"60\" height=\"60\" loading=\"lazy\"\/><\/div><\/div><div class=\"uagb-testimonial-details\"><span class=\"uagb-tm__author-name\">Jessica Sommer<\/span><span class=\"uagb-tm__company\"><\/span><\/div><\/div><\/div><\/div><\/div><\/div><\/div>\n<\/div>\n\n\n\n<div class=\"wp-block-uagb-container uagb-block-bc9ef145\">\n<div class=\"wp-block-uagb-testimonial uagb-slick-carousel uagb-tm__arrow-outside uagb-block-d0419786 uagb-post__carousel_notset uagb-post__carousel_notset-tablet uagb-post__carousel_notset-mobile\"><div class=\"is-carousel uagb-tm__columns-1 uagb-tm__items\"><div class=\"uagb-testimonial__wrap  uagb-tm__imgicon-style-circle uagb-tm__image-position-bottom uagb-tm__bg-type-none\"><div class=\"uagb-tm__content\"><div class=\"uagb-tm__overlay\"><\/div><div class=\"uagb-tm__text-wrap\"><div class=\"uagb-tm__desc\">Diam, urna, ornare leo facilisis suspendisse eu rutrum id augue cursus tincidunt nisl eget ornare pharetra ac pharetra, pulvinar ipsum sed amet diam morbi amet cursus blandit augue feugiat arcu aliquet egestas id diam.<\/div><div class=\"uagb-tm__meta-inner\"><div class=\"uagb-tm__image-content\"><div class=\"uagb-tm__image\"><img decoding=\"async\" class=\"uagb-tm-img-src\" src=\"https:\/\/jetgourmets.com\/wp-content\/uploads\/2021\/05\/customer-1.jpg\" alt=\"\" width=\"60\" height=\"60\" loading=\"lazy\"\/><\/div><\/div><div class=\"uagb-testimonial-details\"><span class=\"uagb-tm__author-name\">Bryan Lambert<\/span><span class=\"uagb-tm__company\"><\/span><\/div><\/div><\/div><\/div><\/div><\/div><\/div>\n\n\n\n<div class=\"wp-block-uagb-testimonial uagb-slick-carousel uagb-tm__arrow-outside uagb-block-7fb5fd03 uagb-post__carousel_notset uagb-post__carousel_notset-tablet uagb-post__carousel_notset-mobile\"><div class=\"is-carousel uagb-tm__columns-1 uagb-tm__items\"><div class=\"uagb-testimonial__wrap  uagb-tm__imgicon-style-circle uagb-tm__image-position-bottom uagb-tm__bg-type-none\"><div class=\"uagb-tm__content\"><div class=\"uagb-tm__overlay\"><\/div><div class=\"uagb-tm__text-wrap\"><div class=\"uagb-tm__desc\">Diam, urna, ornare leo facilisis suspendisse eu rutrum id augue cursus tincidunt nisl eget ornare pharetra ac pharetra, pulvinar ipsum sed amet diam morbi amet cursus blandit augue feugiat arcu aliquet egestas id diam.<\/div><div class=\"uagb-tm__meta-inner\"><div class=\"uagb-tm__image-content\"><div class=\"uagb-tm__image\"><img decoding=\"async\" class=\"uagb-tm-img-src\" src=\"https:\/\/jetgourmets.com\/wp-content\/uploads\/2021\/05\/customer-img1.jpg\" alt=\"\" width=\"60\" height=\"60\" loading=\"lazy\"\/><\/div><\/div><div class=\"uagb-testimonial-details\"><span class=\"uagb-tm__author-name\">Kristin Foster<\/span><span class=\"uagb-tm__company\"><\/span><\/div><\/div><\/div><\/div><\/div><\/div><\/div>\n<\/div>\n<\/div><\/div>\n\n\n\n<p><\/p>","protected":false},"excerpt":{"rendered":"<p>Bienvenidos a JetGourmets Algunas de nuestras recomendaciones JetGourmets ofrece un catering de lujo dise\u00f1ado para pasajeros de jets privados, con platos gourmet, saludables y sabrosos. Cada comida se prepara con atenci\u00f3n al detalle. Se utilizan ingredientes frescos y t\u00e9cnicas de alta cocina, elevando la experiencia de vuelo a niveles de restaurante de alta cocina.En JetGourmets [&hellip;]<\/p>","protected":false},"author":1,"featured_media":0,"parent":0,"menu_order":0,"comment_status":"closed","ping_status":"closed","template":"","meta":{"_uag_custom_page_level_css":"","site-sidebar-layout":"no-sidebar","site-content-layout":"plain-container","ast-site-content-layout":"normal-width-container","site-content-style":"unboxed","site-sidebar-style":"unboxed","ast-global-header-display":"","ast-banner-title-visibility":"","ast-main-header-display":"","ast-hfb-above-header-display":"","ast-hfb-below-header-display":"","ast-hfb-mobile-header-display":"","site-post-title":"disabled","ast-breadcrumbs-content":"","ast-featured-img":"","footer-sml-layout":"","theme-transparent-header-meta":"enabled","adv-header-id-meta":"","stick-header-meta":"","header-above-stick-meta":"","header-main-stick-meta":"","header-below-stick-meta":"","astra-migrate-meta-layouts":"set","ast-page-background-enabled":"default","ast-page-background-meta":{"desktop":{"background-color":"var(--ast-global-color-4)","background-image":"","background-repeat":"repeat","background-position":"center center","background-size":"auto","background-attachment":"scroll","background-type":"","background-media":"","overlay-type":"","overlay-color":"","overlay-opacity":"","overlay-gradient":""},"tablet":{"background-color":"","background-image":"","background-repeat":"repeat","background-position":"center center","background-size":"auto","background-attachment":"scroll","background-type":"","background-media":"","overlay-type":"","overlay-color":"","overlay-opacity":"","overlay-gradient":""},"mobile":{"background-color":"","background-image":"","background-repeat":"repeat","background-position":"center center","background-size":"auto","background-attachment":"scroll","background-type":"","background-media":"","overlay-type":"","overlay-color":"","overlay-opacity":"","overlay-gradient":""}},"ast-content-background-meta":{"desktop":{"background-color":"var(--ast-global-color-5)","background-image":"","background-repeat":"repeat","background-position":"center center","background-size":"auto","background-attachment":"scroll","background-type":"","background-media":"","overlay-type":"","overlay-color":"","overlay-opacity":"","overlay-gradient":""},"tablet":{"background-color":"var(--ast-global-color-5)","background-image":"","background-repeat":"repeat","background-position":"center center","background-size":"auto","background-attachment":"scroll","background-type":"","background-media":"","overlay-type":"","overlay-color":"","overlay-opacity":"","overlay-gradient":""},"mobile":{"background-color":"var(--ast-global-color-5)","background-image":"","background-repeat":"repeat","background-position":"center center","background-size":"auto","background-attachment":"scroll","background-type":"","background-media":"","overlay-type":"","overlay-color":"","overlay-opacity":"","overlay-gradient":""}},"footnotes":""},"class_list":["post-10","page","type-page","status-publish","hentry"],"uagb_featured_image_src":{"full":false,"thumbnail":false,"medium":false,"medium_large":false,"large":false,"1536x1536":false,"2048x2048":false,"trp-custom-language-flag":false},"uagb_author_info":{"display_name":"admin","author_link":"https:\/\/jetgourmets.com\/en\/author\/admin\/"},"uagb_comment_info":0,"uagb_excerpt":"Bienvenidos a JetGourmets Algunas de nuestras recomendaciones JetGourmets ofrece un catering de lujo dise\u00f1ado para pasajeros de jets privados, con platos gourmet, saludables y sabrosos. Cada comida se prepara con atenci\u00f3n al detalle. Se utilizan ingredientes frescos y t\u00e9cnicas de alta cocina, elevando la experiencia de vuelo a niveles de restaurante de alta cocina.En JetGourmets&hellip;","_links":{"self":[{"href":"https:\/\/jetgourmets.com\/en\/wp-json\/wp\/v2\/pages\/10","targetHints":{"allow":["GET"]}}],"collection":[{"href":"https:\/\/jetgourmets.com\/en\/wp-json\/wp\/v2\/pages"}],"about":[{"href":"https:\/\/jetgourmets.com\/en\/wp-json\/wp\/v2\/types\/page"}],"author":[{"embeddable":true,"href":"https:\/\/jetgourmets.com\/en\/wp-json\/wp\/v2\/users\/1"}],"replies":[{"embeddable":true,"href":"https:\/\/jetgourmets.com\/en\/wp-json\/wp\/v2\/comments?post=10"}],"version-history":[{"count":27,"href":"https:\/\/jetgourmets.com\/en\/wp-json\/wp\/v2\/pages\/10\/revisions"}],"predecessor-version":[{"id":1731,"href":"https:\/\/jetgourmets.com\/en\/wp-json\/wp\/v2\/pages\/10\/revisions\/1731"}],"wp:attachment":[{"href":"https:\/\/jetgourmets.com\/en\/wp-json\/wp\/v2\/media?parent=10"}],"curies":[{"name":"wp","href":"https:\/\/api.w.org\/{rel}","templated":true}]}}